{"id":161761,"date":"2023-04-25T09:58:55","date_gmt":"2023-04-25T09:58:55","guid":{"rendered":"https:\/\/lmde-postpaid-cms-stage.ldsvcplatform.com\/faq\/"},"modified":"2026-05-05T14:09:51","modified_gmt":"2026-05-05T14:09:51","slug":"faq","status":"publish","type":"page","link":"https:\/\/lmde-postpaid-cms-prod.ldsvcplatform.com\/de\/faq\/","title":{"rendered":"FAQ"},"content":{"rendered":"<div id=\"category1\" class=\"category\">\n<div class=\"question question-class\"><strong>Was ist der Unterschied zwischen Prepaid und Vertragstarife?<\/strong><\/div>\n<div class=\"answer answer-class\">Ein Vertragstarif gibt Ihnen die M\u00f6glichkeit, unsere Dienste so zu nutzen, wie Sie es m\u00f6chten! Sie k\u00f6nnen Ihren gew\u00fcnschten Tarif und die Zusatzleistungen entsprechend Ihren Vorlieben w\u00e4hlen und all das mit der M\u00f6glichkeit, Ihre Rechnung am Ende des Abrechnungszyklus zu bezahlen.<\/div>\n<div class=\"question question-class\"><strong>Wie werde ich Vertragskunde?<\/strong><\/div>\n<div class=\"answer answer-class\">Um Vertragskunde zu werden, besuchen Sie einfach unsere Website unter www.lycamobile.de, wo Sie die attraktiven Vertragstarife einsehen k\u00f6nnen. Dort k\u00f6nnen Sie ganz unkompliziert einen Vertrag abschlie\u00dfen, entweder f\u00fcr 1 Monat oder 24 Monate.<\/div>\n<div class=\"question question-class\"><strong>Wird meine Datengeschwindigkeit gedrosselt, wenn mein Datenvolumen aufgebraucht ist?<\/strong><\/div>\n<div class=\"answer answer-class\">Ja, nachdem Ihr Datenvolumen aufgebraucht ist, wird die Geschwindigkeit auf 0 kbit\/s gedrosselt.<\/div>\n<div class=\"question question-class\"><strong>Welche Lieferoptionen gibt es, wenn ich eine SIM-Karte bestelle?<\/strong><\/div>\n<div class=\"answer answer-class\">Ihre SIM-Karte wird per Post sicher zu Ihnen zugeschickt.<\/div>\n<div class=\"question question-class\"><strong>Wie kann ich meine SIM-Bestellung verfolgen?<\/strong><\/div>\n<div class=\"answer answer-class\">Um den Status Ihrer SIM-Bestellung zu verfolgen, pr\u00fcfen Sie bitte die zugesandte E-Mail f\u00fcr den Tracking-Link.<\/div>\n<div class=\"question question-class\"><strong>Wie kann ich die Rechnungsdetails \u00fcberpr\u00fcfen?<\/strong><\/div>\n<div class=\"answer answer-class\">Um die Rechnungsdetails zu \u00fcberpr\u00fcfen, k\u00f6nnen Sie unsere Website besuchen und sich bei \u201eMein Konto\u201c oder unter \u201eRechnung und aktuelle Geb\u00fchren\u201c in Ihrer Lyca Mobile App anmelden.<\/div>\n<div class=\"question question-class\"><strong>Erhalte ich eine Benachrichtigung, wenn die Rechnung erstellt wird? <\/strong><\/div>\n<div class=\"answer answer-class\">Ja, Sie erhalten eine E-Mail-Benachrichtigung an Ihre registrierte E-Mail-Adresse.<\/div>\n<div class=\"question question-class\"><strong>Wie kann ich meine Rechnungen herunterladen?<\/strong><\/div>\n<div class=\"answer answer-class\">Sie k\u00f6nnen Ihre Rechnungen jederzeit herunterladen, indem Sie sich in Ihrer Lyca Mobile App oder auf der Website im Abschnitt \u201eMein Konto\u201c anmelden.<\/div>\n<div class=\"question question-class\"><strong> Wie kann ich jeden Monat den \u00dcberblick \u00fcber meine Rechnungen behalten?<\/strong><\/div>\n<div class=\"answer answer-class\">Sie k\u00f6nnen den Betrag Ihrer Rechnung \u00fcber die My Lyca Mobile App oder unter \u201eMein Konto\u201c auf der Website \u00fcberpr\u00fcfen.<\/div>\n<div class=\"question question-class\"><strong>Warum unterscheidet sich meine erste Rechnung von meinen Erwartungen?<\/strong><\/div>\n<div class=\"answer answer-class\">Die ersten paar Tage Ihres Tarifs und der n\u00e4chste volle Monat werden im Voraus berechnet. Hierzu z\u00e4hlen auch etwaige Kosten f\u00fcr von Ihnen gew\u00e4hlte Zusatzoptionen etc.<\/div>\n<div class=\"question question-class\"><strong>Ich glaube, meine Rechnung ist falsch. Was soll ich tun?<\/strong><\/div>\n<div class=\"answer answer-class\">Die detaillierte Rechnung k\u00f6nnen Sie in Ihrem Konto einsehen. Wenn Sie immer noch Zweifel haben, wenden Sie sich bitte an unseren Kundenservice. Wir helfen Ihnen gerne dabei, die Kosten Ihrer Rechnung zu verstehen.<\/div>\n<div class=\"question question-class\"><strong>Welche Zahlungsmethoden stehen zur Verf\u00fcgung?<\/strong><\/div>\n<div class=\"answer answer-class\">Wir geben Ihnen die Flexibilit\u00e4t, die Zahlungsart selbst zu w\u00e4hlen, wenn Sie einen Vertrag mit uns abschlie\u00dfen. Sie k\u00f6nnen Ihre Rechnungen per Lastschrift oder mit Ihrer Kredit- oder Debitkarte bezahlen. Sie k\u00f6nnen die Zahlungsmethode auch \u00fcber Ihre My Lyca Mobile App oder \u201eMein Konto\u201c auf der Website \u00e4ndern.<\/div>\n<div class=\"question question-class\"><strong>Muss ich meinen neuen Vertrag nach Erhalt aktivieren?<\/strong><\/div>\n<div class=\"answer answer-class\">Alle neuen SIM-Karten sind voraktiviert. Registrieren Sie einfach Ihre SIM-Karte und schon kann es losgehen.<\/div>\n<div class=\"question question-class\"><strong>Wo finde ich meine Handynummer?<\/strong><\/div>\n<div class=\"answer answer-class\">Sie k\u00f6nnen von Ihrem Mobiltelefon aus *101# w\u00e4hlen, um Ihre Lyca-Rufnummer anzuzeigen.<\/div>\n<div class=\"question question-class\"><strong>Wo finde ich meinen PUK Code?<\/strong><\/div>\n<div class=\"answer answer-class\">Zu Ihrer Sicherheit befindet sich der PUK-Code auf der SIM-Karte, die Sie erhalten haben. Sie k\u00f6nnen sich auch an den Kundendienst wenden, wir helfen Ihnen gerne weiter.<\/div>\n<div class=\"question question-class\"><strong>Was ist die ICCID?<\/strong><\/div>\n<div class=\"answer answer-class\">\u00a0Eine ICCID-Nummer (Integrated Circuit Card Identifier) ist eine eindeutige Seriennummer mit 19 bis 20 Zeichen, die zur Identifizierung Ihrer SIM-Karte verwendet wird. Sie finden es auf der R\u00fcckseite Ihrer SIM-Karte oder in den Einstellungen Ihres Telefons.<\/div>\n<div class=\"question question-class\"><strong>Kann ich meinen Vertragstarif innerhalb der ersten 14 Tage k\u00fcndigen? <\/strong><\/div>\n<div class=\"answer answer-class\">Ja, Sie k\u00f6nnen Ihren Vertrag innerhalb der 14-t\u00e4gigen Widerrufsfrist k\u00fcndigen. Weitere Informationen entnehmen Sie bitte den Allgemeinen Gesch\u00e4ftsbedingungen.<\/div>\n<div class=\"question question-class\"><strong>Wie wird meine Schlussrechnung aussehen? Was passiert, nachdem ich gek\u00fcndigt habe? <\/strong><\/div>\n<div class=\"answer answer-class\">Sobald Sie einen Antrag auf K\u00fcndigung Ihres Vertrages eingereicht haben, senden wir Ihnen eine Best\u00e4tigung per SMS. Da es eine K\u00fcndigungsfrist von 30 Tagen gibt, bleibt Ihr Konto weitere 30 Tage aktiv und die gesamte Nutzung, die Sie in diesem Zeitraum t\u00e4tigen, wird von Ihrer Endrechnung abgezogen. Nach Ablauf der 30-t\u00e4gigen K\u00fcndigungsfrist schlie\u00dfen wir Ihr Konto und senden Ihnen eine Schlussrechnung mit dem Datum der Kontoschlie\u00dfung und dem f\u00e4lligen Restbetrag.<\/div>\n<div class=\"question question-class\"><strong>Wie kann ich meine Zahlungsdetails aktualisieren?<\/strong><\/div>\n<div class=\"answer answer-class\">Sie k\u00f6nnen Ihre Zahlungsdetails auf unserer Website unter \u201eMein Konto\u201c oder \u00fcber die My Lyca Mobile App aktualisieren.<\/div>\n<div class=\"question question-class\"><strong>Wie kann ich mein Passwort \u00e4ndern? <\/strong><\/div>\n<div class=\"answer answer-class\">Sie k\u00f6nnen Ihr Passwort auf unserer Website unter \u201eMein Konto\u201c oder \u00fcber die My Lyca Mobile App unter \u201eKontoeinstellungen\u201c aktualisieren.<\/div>\n<div class=\"question question-class\"><strong>Wie kann ich meine verlorene\/besch\u00e4digte SIM-Karte ersetzen?<\/strong><\/div>\n<div class=\"answer answer-class\">Wenn Ihre SIM-Karte verloren geht oder besch\u00e4digt wird, k\u00f6nnen Sie auf der Website unter \u201eMein Konto\u201c oder \u00fcber Ihre My Lyca Mobile App eine SIM-Karte als Ersatz bestellen.<\/div>\n<div class=\"question question-class\"><strong>Kann ich meine Rufnummer mit zu Lyca Mobile nehmen?<\/strong><\/div>\n<div class=\"answer answer-class\">Ja, nat\u00fcrlich! Der Prozess ist ganz einfach:<br \/>\nF\u00fclle einfach das Formular zur Rufnummernmitnahme aus, unterschreibe es und sende es an cs@lycamobile.de. Sobald wir deine Anfrage erhalten haben, dauert es normalerweise 10 Werktage, bis deine Rufnummer erfolgreich zu Lycamobile \u00fcbertragen wird.<\/div>\n<div class=\"question question-class\"><strong>Wie kann ich den Kundendienst f\u00fcr Fragen oder Probleme mit meinem Vertragstarif kontaktieren?<\/strong><\/div>\n<div class=\"answer answer-class\">F\u00fcr Fragen zu Ihrem Vertragstarif k\u00f6nnen Sie unseren Kundenservice kontaktieren. W\u00e4hlen Sie einfach die Nummer 322 von Ihrer Lyca Mobile Nummer aus, um kostenlos mit eine m Kundenbetreuer zu sprechen. Oder rufen Sie uns unter 069 1200 7322 von einem anderen Telefon aus an (abh\u00e4ngig von Ihrem Anbieter k\u00f6nnen zus\u00e4tzliche Geb\u00fchren anfallen). Unser Team steht Ihnen von Montag bis Samstag zwischen 9 und 18 Uhr zur Verf\u00fcgung.<\/div>\n<div class=\"question question-class\"><strong>Wie verl\u00e4ngere ich meinen Vertrag?<\/strong><\/div>\n<div class=\"answer answer-class\">Um deinen Vertrag zu verl\u00e4ngern, wird er automatisch um einen Monat nach Ablauf der Mindestlaufzeit verl\u00e4ngert und ist dann monatlich k\u00fcndbar.<\/div>\n<div class=\"question question-class\"><strong>Welche K\u00fcndigungsfristen gelten? <\/strong><\/div>\n<div class=\"answer answer-class\">Nach Ablauf der Mindestlaufzeit (24 oder 1Monat) kann der Vertrag monatlich gek\u00fcndigt werden.<\/div>\n<div class=\"question question-class\"><strong>Welche Vertragslaufzeiten gelten bei Lycamobile?<\/strong><\/div>\n<div class=\"answer answer-class\">Sie haben die Wahl zwischen 24 Monaten und 1 Monat als Vertragslaufzeit.<\/div>\n<div class=\"question question-class\"><strong>Was passiert, wenn mein Datenvolumen aufgebraucht ist?<\/strong><\/div>\n<div class=\"answer answer-class\">Wenn Ihr Datenvolumen ausgesch\u00f6pft ist, k\u00f6nnen Sie keine Datendienste auf Ihrem Mobilger\u00e4t mehr nutzen. Um weiterhin Datendienste nutzen zu k\u00f6nnen, m\u00fcssen Sie ein Daten-Add-On \u00fcber die My-Lyca-App erwerben.<\/div>\n<\/div>\n","protected":false},"excerpt":{"rendered":"<p>Was ist der Unterschied zwischen Prepaid und Vertragstarife? Ein Vertragstarif gibt Ihnen die M\u00f6glichkeit, unsere Dienste so zu nutzen, wie Sie es m\u00f6chten! Sie k\u00f6nnen Ihren gew\u00fcnschten Tarif und die Zusatzleistungen entsprechend Ihren Vorlieben w\u00e4hlen und all das mit der M\u00f6glichkeit, Ihre Rechnung am Ende des Abrechnungszyklus zu bezahlen. Wie werde ich Vertragskunde? Um Vertragskunde [&hellip;]<\/p>\n","protected":false},"author":2,"featured_media":0,"parent":0,"menu_order":0,"comment_status":"closed","ping_status":"closed","template":"","meta":[],"acf":[],"_links":{"self":[{"href":"https:\/\/lmde-postpaid-cms-prod.ldsvcplatform.com\/de\/wp-json\/wp\/v2\/pages\/161761"}],"collection":[{"href":"https:\/\/lmde-postpaid-cms-prod.ldsvcplatform.com\/de\/wp-json\/wp\/v2\/pages"}],"about":[{"href":"https:\/\/lmde-postpaid-cms-prod.ldsvcplatform.com\/de\/wp-json\/wp\/v2\/types\/page"}],"author":[{"embeddable":true,"href":"https:\/\/lmde-postpaid-cms-prod.ldsvcplatform.com\/de\/wp-json\/wp\/v2\/users\/2"}],"replies":[{"embeddable":true,"href":"https:\/\/lmde-postpaid-cms-prod.ldsvcplatform.com\/de\/wp-json\/wp\/v2\/comments?post=161761"}],"version-history":[{"count":17,"href":"https:\/\/lmde-postpaid-cms-prod.ldsvcplatform.com\/de\/wp-json\/wp\/v2\/pages\/161761\/revisions"}],"predecessor-version":[{"id":167426,"href":"https:\/\/lmde-postpaid-cms-prod.ldsvcplatform.com\/de\/wp-json\/wp\/v2\/pages\/161761\/revisions\/167426"}],"wp:attachment":[{"href":"https:\/\/lmde-postpaid-cms-prod.ldsvcplatform.com\/de\/wp-json\/wp\/v2\/media?parent=161761"}],"curies":[{"name":"wp","href":"https:\/\/api.w.org\/{rel}","templated":true}]}}