{"id":161775,"date":"2023-06-14T09:20:23","date_gmt":"2023-06-14T09:20:23","guid":{"rendered":"https:\/\/lmde-postpaid-cms-stage.ldsvcplatform.com\/why-choose-lyca-mobile\/"},"modified":"2025-02-10T08:32:02","modified_gmt":"2025-02-10T08:32:02","slug":"why-choose-lyca-mobile","status":"publish","type":"page","link":"https:\/\/lmde-postpaid-cms-prod.ldsvcplatform.com\/de\/why-choose-lyca-mobile\/","title":{"rendered":"Why Lyca?"},"content":{"rendered":"<div class=\"text-center px-2\">\n<h2 class=\"morelinks-main-title mb-sm-0 pt-5 pb-4 fs-48 fw-700 text-384C72\">Why Lyca?<\/h2>\n<\/div>\n<div class=\"container-fluid lm-more-linkmain p-sm-30\">\n<div class=\"row home-morelinks-row slick-initialized slick-slider\">\n<div class=\"slick-list draggable\">\n<div class=\"slick-track\">\n<div class=\"col-md-3 col-12 morelinks-box slick-slide slick-active\" tabindex=\"0\" aria-hidden=\"false\">\n<div class=\"morelinks-box-item choose-lyca-content\">\n<p><img class=\"morelinks-box-img lazy choose-lyca-img\" src=\"https:\/\/lmde-postpaid-cms-prod.ldsvcplatform.com\/wp-content\/uploads\/2024\/12\/5G_icon_New.svg\" alt=\"Network Coverage\" \/><\/p>\n<h4 class=\"morelinks-title mb-0 fw-500 fs-18\"><b>L\u00e4uft<\/b><b>\u00a0<\/b><b>im<\/b><b> Lyca\u00a0Mobile\u00a0<\/b><b>Netzwerk<\/b><\/h4>\n<p class=\"morelinks-subtitle fs-16 fw-400\">Ein zuverl\u00e4ssiges Netzwerk mit schnellen und stabilen Geschwindigkeiten sowie einer beeindruckenden Abdeckung von 98%. 5G ist ohne zus\u00e4tzliche Kosten inklusive.<\/p>\n<\/div>\n<\/div>\n<div class=\"col-md-3 col-12 morelinks-box slick-slide slick-active\" tabindex=\"0\" aria-hidden=\"false\">\n<div class=\"morelinks-box-item choose-lyca-content\">\n<p><img class=\"morelinks-box-img lazy choose-lyca-img\" src=\"https:\/\/postpaid--images.s3.eu-central-1.amazonaws.com\/common+images\/USP.svg\" alt=\"No Credit Checks or Contracts\" \/><\/p>\n<h4 class=\"morelinks-title mb-0 fw-500 fs-18\">Internationale Anrufe<\/h4>\n<p class=\"morelinks-subtitle fs-16 fw-400\">Mit Lyca Mobile k\u00f6nnen Sie aus Deutschland kosteng\u00fcnstig in zahlreiche L\u00e4nder weltweit telefonieren. Bleiben Sie mit Ihren internationalen Kontakten verbunden und genie\u00dfen Sie attraktive Tarife f\u00fcr globale Anrufe.<\/p>\n<\/div>\n<\/div>\n<div class=\"col-md-3 col-12 morelinks-box slick-slide slick-active\" tabindex=\"0\" aria-hidden=\"false\">\n<div class=\"morelinks-box-item choose-lyca-content\">\n<p><img class=\"morelinks-box-img lazy choose-lyca-img\" src=\"https:\/\/postpaid--images.s3.eu-central-1.amazonaws.com\/common+images\/Roaming.svg\" alt=\"EU Roaming Included\" \/><\/p>\n<h4 class=\"morelinks-title mb-0 fw-500 fs-18\">EU-Roaming inklusive<\/h4>\n<p class=\"morelinks-subtitle fs-16 fw-400\">Beim Roaming in der Europ\u00e4ischen Union (EU) k\u00f6nnen Reisende ihr Telefon entsprechend ihrem inl\u00e4ndischen Mobilfunktarif ohne zus\u00e4tzliche Kosten f\u00fcr Anrufe, Textnachrichten und Daten nutzen.<\/p>\n<\/div>\n<\/div>\n<\/div>\n<\/div>\n<\/div>\n<\/div>\n","protected":false},"excerpt":{"rendered":"<p>Why Lyca? L\u00e4uft\u00a0im Lyca\u00a0Mobile\u00a0Netzwerk Ein zuverl\u00e4ssiges Netzwerk mit schnellen und stabilen Geschwindigkeiten sowie einer beeindruckenden Abdeckung von 98%. 5G ist ohne zus\u00e4tzliche Kosten inklusive. Internationale Anrufe Mit Lyca Mobile k\u00f6nnen Sie aus Deutschland kosteng\u00fcnstig in zahlreiche L\u00e4nder weltweit telefonieren. Bleiben Sie mit Ihren internationalen Kontakten verbunden und genie\u00dfen Sie attraktive Tarife f\u00fcr globale Anrufe. EU-Roaming [&hellip;]<\/p>\n","protected":false},"author":2,"featured_media":0,"parent":0,"menu_order":0,"comment_status":"closed","ping_status":"closed","template":"","meta":[],"acf":[],"_links":{"self":[{"href":"https:\/\/lmde-postpaid-cms-prod.ldsvcplatform.com\/de\/wp-json\/wp\/v2\/pages\/161775"}],"collection":[{"href":"https:\/\/lmde-postpaid-cms-prod.ldsvcplatform.com\/de\/wp-json\/wp\/v2\/pages"}],"about":[{"href":"https:\/\/lmde-postpaid-cms-prod.ldsvcplatform.com\/de\/wp-json\/wp\/v2\/types\/page"}],"author":[{"embeddable":true,"href":"https:\/\/lmde-postpaid-cms-prod.ldsvcplatform.com\/de\/wp-json\/wp\/v2\/users\/2"}],"replies":[{"embeddable":true,"href":"https:\/\/lmde-postpaid-cms-prod.ldsvcplatform.com\/de\/wp-json\/wp\/v2\/comments?post=161775"}],"version-history":[{"count":18,"href":"https:\/\/lmde-postpaid-cms-prod.ldsvcplatform.com\/de\/wp-json\/wp\/v2\/pages\/161775\/revisions"}],"predecessor-version":[{"id":167136,"href":"https:\/\/lmde-postpaid-cms-prod.ldsvcplatform.com\/de\/wp-json\/wp\/v2\/pages\/161775\/revisions\/167136"}],"wp:attachment":[{"href":"https:\/\/lmde-postpaid-cms-prod.ldsvcplatform.com\/de\/wp-json\/wp\/v2\/media?parent=161775"}],"curies":[{"name":"wp","href":"https:\/\/api.w.org\/{rel}","templated":true}]}}