{"id":161777,"date":"2023-06-14T09:20:23","date_gmt":"2023-06-14T09:20:23","guid":{"rendered":"https:\/\/lmde-postpaid-cms-stage.ldsvcplatform.com\/why-choose-lyca-mobile\/"},"modified":"2025-02-10T08:32:14","modified_gmt":"2025-02-10T08:32:14","slug":"why-choose-lyca-mobile","status":"publish","type":"page","link":"https:\/\/lmde-postpaid-cms-prod.ldsvcplatform.com\/pl\/why-choose-lyca-mobile\/","title":{"rendered":"Why Lyca?"},"content":{"rendered":"<div class=\"text-center px-2\">\n<h2 class=\"morelinks-main-title mb-sm-0 pt-5 pb-4 fs-48 fw-700 text-384C72\">Why Lyca?<\/h2>\n<\/div>\n<div class=\"container-fluid lm-more-linkmain p-sm-30\">\n<div class=\"row home-morelinks-row slick-initialized slick-slider\">\n<div class=\"slick-list draggable\">\n<div class=\"slick-track\">\n<div class=\"col-md-3 col-12 morelinks-box slick-slide slick-active\" tabindex=\"0\" aria-hidden=\"false\">\n<div class=\"morelinks-box-item choose-lyca-content\">\n<p><img class=\"morelinks-box-img lazy choose-lyca-img\" src=\"https:\/\/lmde-postpaid-cms-prod.ldsvcplatform.com\/wp-content\/uploads\/2024\/12\/5G_icon_New.svg\" alt=\"Network Coverage\" \/><\/p>\n<h4 class=\"morelinks-title mb-0 fw-500 fs-18\">Dzia\u0142a w sieci kom\u00f3rkowej Lyca<\/h4>\n<p class=\"morelinks-subtitle fs-16 fw-400\">Niezawodna sie\u0107 z szybkimi i niezawodnymi pr\u0119dko\u015bciami i pokryciem na poziomie 98%. 5G w cenie, bez dodatkowych koszt\u00f3w<\/p>\n<\/div>\n<\/div>\n<div class=\"col-md-3 col-12 morelinks-box slick-slide slick-active\" tabindex=\"0\" aria-hidden=\"false\">\n<div class=\"morelinks-box-item choose-lyca-content\">\n<p><img class=\"morelinks-box-img lazy choose-lyca-img\" src=\"https:\/\/postpaid--images.s3.eu-central-1.amazonaws.com\/common+images\/USP.svg\" alt=\"No Credit Checks or Contracts\" \/><\/p>\n<h4 class=\"morelinks-title mb-0 fw-500 fs-18\">Po\u0142\u0105czenia mi\u0119dzynarodowe<\/h4>\n<p class=\"morelinks-subtitle fs-16 fw-400\">Dzi\u0119ki Lyca Mobile mo\u017cesz wykonywa\u0107 tanie po\u0142\u0105czenia z Niemiec do wielu kraj\u00f3w na ca\u0142ym \u015bwiecie. Pozosta\u0144 w kontakcie ze swoimi mi\u0119dzynarodowymi znajomymi i korzystaj z atrakcyjnych stawek za po\u0142\u0105czenia globalne.<\/p>\n<\/div>\n<\/div>\n<div class=\"col-md-3 col-12 morelinks-box slick-slide slick-active\" tabindex=\"0\" aria-hidden=\"false\">\n<div class=\"morelinks-box-item choose-lyca-content\">\n<p><img class=\"morelinks-box-img lazy choose-lyca-img\" src=\"https:\/\/postpaid--images.s3.eu-central-1.amazonaws.com\/common+images\/Roaming.svg\" alt=\"EU Roaming Included\" \/><\/p>\n<h4 class=\"morelinks-title mb-0 fw-500 fs-18\">Roaming w UE wliczony w cen\u0119<\/h4>\n<p class=\"morelinks-subtitle fs-16 fw-400\">Roaming w Unii Europejskiej (UE) umo\u017cliwia podr\u00f3\u017cnym korzystanie z telefonu do rozm\u00f3w, wysy\u0142ania SMS-\u00f3w i transmisji danych bez dodatkowych koszt\u00f3w, zgodnie z ich krajowym planem kom\u00f3rkowym.<\/p>\n<\/div>\n<\/div>\n<\/div>\n<\/div>\n<\/div>\n<\/div>\n","protected":false},"excerpt":{"rendered":"<p>Why Lyca? Dzia\u0142a w sieci kom\u00f3rkowej Lyca Niezawodna sie\u0107 z szybkimi i niezawodnymi pr\u0119dko\u015bciami i pokryciem na poziomie 98%. 5G w cenie, bez dodatkowych koszt\u00f3w Po\u0142\u0105czenia mi\u0119dzynarodowe Dzi\u0119ki Lyca Mobile mo\u017cesz wykonywa\u0107 tanie po\u0142\u0105czenia z Niemiec do wielu kraj\u00f3w na ca\u0142ym \u015bwiecie. Pozosta\u0144 w kontakcie ze swoimi mi\u0119dzynarodowymi znajomymi i korzystaj z atrakcyjnych stawek za [&hellip;]<\/p>\n","protected":false},"author":2,"featured_media":0,"parent":0,"menu_order":0,"comment_status":"closed","ping_status":"closed","template":"","meta":[],"acf":[],"_links":{"self":[{"href":"https:\/\/lmde-postpaid-cms-prod.ldsvcplatform.com\/pl\/wp-json\/wp\/v2\/pages\/161777"}],"collection":[{"href":"https:\/\/lmde-postpaid-cms-prod.ldsvcplatform.com\/pl\/wp-json\/wp\/v2\/pages"}],"about":[{"href":"https:\/\/lmde-postpaid-cms-prod.ldsvcplatform.com\/pl\/wp-json\/wp\/v2\/types\/page"}],"author":[{"embeddable":true,"href":"https:\/\/lmde-postpaid-cms-prod.ldsvcplatform.com\/pl\/wp-json\/wp\/v2\/users\/2"}],"replies":[{"embeddable":true,"href":"https:\/\/lmde-postpaid-cms-prod.ldsvcplatform.com\/pl\/wp-json\/wp\/v2\/comments?post=161777"}],"version-history":[{"count":17,"href":"https:\/\/lmde-postpaid-cms-prod.ldsvcplatform.com\/pl\/wp-json\/wp\/v2\/pages\/161777\/revisions"}],"predecessor-version":[{"id":167137,"href":"https:\/\/lmde-postpaid-cms-prod.ldsvcplatform.com\/pl\/wp-json\/wp\/v2\/pages\/161777\/revisions\/167137"}],"wp:attachment":[{"href":"https:\/\/lmde-postpaid-cms-prod.ldsvcplatform.com\/pl\/wp-json\/wp\/v2\/media?parent=161777"}],"curies":[{"name":"wp","href":"https:\/\/api.w.org\/{rel}","templated":true}]}}